{"id":87,"date":"2015-06-22T09:54:51","date_gmt":"2015-06-22T09:54:51","guid":{"rendered":"http:\/\/sv-bad-rappenau.de\/?page_id=87"},"modified":"2023-03-02T17:12:11","modified_gmt":"2023-03-02T16:12:11","slug":"impressum","status":"publish","type":"page","link":"https:\/\/sv-bad-rappenau.de\/?page_id=87","title":{"rendered":"Impressum"},"content":{"rendered":"<table  class=\" table table-hover\" border=\"0\" width=\"760\" cellspacing=\"0\" cellpadding=\"0\">\n<tbody>\n<tr>\n<td colspan=\"3\" valign=\"top\"><b>Inhalt<\/b><br \/>\nVerantwortlich i.S.d.\u00a7 6 TDG f\u00fcr die Inhalte ist<\/p>\n<p><b> <\/b>Sch\u00fctzenverein\u00a0 SV Bad Rappenau 1924 e.V.<br \/>\nRaiffeisenstr.39<br \/>\n74906 Bad Rappenau Tel.07264 2673<\/p>\n<p><b>E-Mail :<\/b> <a href=\"mailto:sv-bad.rappenau@t-online.de\" target=\"\" rel=\"noopener\">info@sv-bad-rappenau.de<\/a><\/p>\n<p><b><i>Vertretungsberechtigter Vorstand<\/i><\/b><i>:<\/i><br \/>\n<i>1.Vorstand:<\/i> Thorsten Schimmer<br \/>\nHauptstrasse 2<br \/>\n74906 Bad Rappenau<br \/>\nTel.07268-2493446<br \/>\n<i>2.Vorstand:<\/i> Karin B\u00f6hmann<br \/>\nSchillerstrasse 19<br \/>\n74936 Siegelsbach<br \/>\nTel.07264-890909<\/p>\n<p><i>Registergericht:<\/i>\u00a0\u00a0 Amtsgericht Heibronn<br \/>\n<i>Registernummer:<\/i> VR 1050<\/p>\n<p><b>Haftungsausschluss<\/b><\/p>\n<p>Diese Internetseiten sind unverbindliche Service-Seiten und dienen lediglich der allgemeinen Informationsmitteilung. Wir bem\u00fchen uns, Ihnen genaue und aktuelle Informationen zur Verf\u00fcgung zu stellen. F\u00fcr die redaktionellen Inhalte, insbesondere der Internet-Seiten Dritter, die \u00fcber Verweise (Links) genannt werden, zeichnen wir uns nicht verantwortlich. Zudem \u00fcbernehmen wir keine Garantie hinsichtlich der Vollst\u00e4ndigkeit, Richtigkeit und Aktualit\u00e4t der von uns bereitgestellten Informationen.Eine Haftung f\u00fcr jegliche Sch\u00e4den, auch mittelbarer und\/ oder unmittelbarer Folgesch\u00e4den, die sich aus dem Gebrauch der hier ver\u00f6ffentlichten Informationen ergeben, wird in keinem Fall \u00fcbernommen.<br \/>\nDieser Haftungsausschluss gilt auch f\u00fcr solche Informationen und geistige Inhalte Dritter, die sich durch Verweis (Link) auf andere Internet-Seiten Dritter ergeben.<\/p>\n<p><b>Copyright<\/b><\/p>\n<p>Ohne Genehmigung des jeweiligen Autors d\u00fcrfen Texte und Bilder weder kopiert, ver\u00e4ndert noch erneut ver\u00f6ffentlicht werden.<\/p>\n<p><center><\/center><\/td>\n<td><img loading=\"lazy\" decoding=\"async\" src=\"http:\/\/www.sv-bad-rappenau.homepage.t-online.de\/templates\/Zoe\/img\/245356\/rechts.gif\" alt=\"\" width=\"25\" height=\"270\" \/><\/td>\n<\/tr>\n<\/tbody>\n<\/table>\n","protected":false},"excerpt":{"rendered":"<p>Inhalt Verantwortlich i.S.d.\u00a7 6 TDG f\u00fcr die Inhalte ist Sch\u00fctzenverein\u00a0 SV Bad Rappenau 1924 e.V. Raiffeisenstr.39 74906 Bad Rappenau Tel.07264 2673 E-Mail : info@sv-bad-rappenau.de Vertretungsberechtigter Vorstand: 1.Vorstand: Thorsten Schimmer Hauptstrasse 2 74906 Bad Rappenau Tel.07268-2493446 2.Vorstand: Karin B\u00f6hmann Schillerstrasse 19 74936 Siegelsbach Tel.07264-890909 Registergericht:\u00a0\u00a0 Amtsgericht Heibronn Registernummer: VR 1050 Haftungsausschluss Diese Internetseiten sind unverbindliche Service-Seiten [&hellip;]<\/p>\n","protected":false},"author":3,"featured_media":0,"parent":0,"menu_order":0,"comment_status":"closed","ping_status":"closed","template":"","meta":{"ngg_post_thumbnail":0,"footnotes":""},"class_list":["post-87","page","type-page","status-publish","hentry"],"_links":{"self":[{"href":"https:\/\/sv-bad-rappenau.de\/index.php?rest_route=\/wp\/v2\/pages\/87","targetHints":{"allow":["GET"]}}],"collection":[{"href":"https:\/\/sv-bad-rappenau.de\/index.php?rest_route=\/wp\/v2\/pages"}],"about":[{"href":"https:\/\/sv-bad-rappenau.de\/index.php?rest_route=\/wp\/v2\/types\/page"}],"author":[{"embeddable":true,"href":"https:\/\/sv-bad-rappenau.de\/index.php?rest_route=\/wp\/v2\/users\/3"}],"replies":[{"embeddable":true,"href":"https:\/\/sv-bad-rappenau.de\/index.php?rest_route=%2Fwp%2Fv2%2Fcomments&post=87"}],"version-history":[{"count":3,"href":"https:\/\/sv-bad-rappenau.de\/index.php?rest_route=\/wp\/v2\/pages\/87\/revisions"}],"predecessor-version":[{"id":528,"href":"https:\/\/sv-bad-rappenau.de\/index.php?rest_route=\/wp\/v2\/pages\/87\/revisions\/528"}],"wp:attachment":[{"href":"https:\/\/sv-bad-rappenau.de\/index.php?rest_route=%2Fwp%2Fv2%2Fmedia&parent=87"}],"curies":[{"name":"wp","href":"https:\/\/api.w.org\/{rel}","templated":true}]}}