{"id":54,"date":"2015-06-22T09:10:21","date_gmt":"2015-06-22T09:10:21","guid":{"rendered":"http:\/\/sv-bad-rappenau.de\/?page_id=54"},"modified":"2023-08-01T18:15:55","modified_gmt":"2023-08-01T17:15:55","slug":"jugend","status":"publish","type":"page","link":"https:\/\/sv-bad-rappenau.de\/?page_id=54","title":{"rendered":"Jugend"},"content":{"rendered":"<h1>Herzlich willkommen bei der<\/h1>\n<h1>Sch\u00fctzenjugend des SV Bad Rappenau!<\/h1>\n<p>&nbsp;<\/p>\n<p>Du hast Interesse, den verantwortungsbewussten Umgang mit einer Waffe zu erlernen und dabei noch was f\u00fcr dich selbst zu tun? Dann bist du bei uns genau richtig. Denn Sportschie\u00dfen bedeutet nicht nur dastehen und den Abzug zu bet\u00e4tigen. Man f\u00f6rdert beim Schie\u00dfen auch das Konzentrationsverm\u00f6gen und kann vom Alltag abschalten. Ach ja. Und Spa\u00df macht das ganze nat\u00fcrlich auch. Im Training auf unsrer modernen Elektronik Anlage genau so wie auch bei Wettk\u00e4mpfen, bei denen man sich mit anderen messen kann.<br \/>\nWir bieten ab 7 Jahren das neu vom DSB aufgenommene Blasrohr schie\u00dfen und das Schie\u00dfen mit dem Lichtgewehr an beides total ungef\u00e4hrlich und selbstverst\u00e4ndlich unter geschulter Aufsicht.<br \/>\nAb 12 Jahren bieten wir Luftdruck Waffen an. Gewehr als auch Pistole.<br \/>\nAb 16 Jahren darfst du dich dann auch mit dem Kleinkaliber Gewehr versuchen.<br \/>\nAlso dann, wir freuen uns auf euch. Schaut einfach Mal vorbei. Wir sind freitags von 18-19:30 Uhr f\u00fcr euch da.<br \/>\nEure Jugend Trainer Lukas und Markus<\/p>\n<p>&nbsp;<\/p>\n","protected":false},"excerpt":{"rendered":"<p>Herzlich willkommen bei der Sch\u00fctzenjugend des SV Bad Rappenau! &nbsp; Du hast Interesse, den verantwortungsbewussten Umgang mit einer Waffe zu erlernen und dabei noch was f\u00fcr dich selbst zu tun? Dann bist du bei uns genau richtig. Denn Sportschie\u00dfen bedeutet nicht nur dastehen und den Abzug zu bet\u00e4tigen. Man f\u00f6rdert beim Schie\u00dfen auch das Konzentrationsverm\u00f6gen [&hellip;]<\/p>\n","protected":false},"author":3,"featured_media":0,"parent":0,"menu_order":0,"comment_status":"closed","ping_status":"closed","template":"","meta":{"ngg_post_thumbnail":0,"footnotes":""},"class_list":["post-54","page","type-page","status-publish","hentry"],"_links":{"self":[{"href":"https:\/\/sv-bad-rappenau.de\/index.php?rest_route=\/wp\/v2\/pages\/54","targetHints":{"allow":["GET"]}}],"collection":[{"href":"https:\/\/sv-bad-rappenau.de\/index.php?rest_route=\/wp\/v2\/pages"}],"about":[{"href":"https:\/\/sv-bad-rappenau.de\/index.php?rest_route=\/wp\/v2\/types\/page"}],"author":[{"embeddable":true,"href":"https:\/\/sv-bad-rappenau.de\/index.php?rest_route=\/wp\/v2\/users\/3"}],"replies":[{"embeddable":true,"href":"https:\/\/sv-bad-rappenau.de\/index.php?rest_route=%2Fwp%2Fv2%2Fcomments&post=54"}],"version-history":[{"count":5,"href":"https:\/\/sv-bad-rappenau.de\/index.php?rest_route=\/wp\/v2\/pages\/54\/revisions"}],"predecessor-version":[{"id":569,"href":"https:\/\/sv-bad-rappenau.de\/index.php?rest_route=\/wp\/v2\/pages\/54\/revisions\/569"}],"wp:attachment":[{"href":"https:\/\/sv-bad-rappenau.de\/index.php?rest_route=%2Fwp%2Fv2%2Fmedia&parent=54"}],"curies":[{"name":"wp","href":"https:\/\/api.w.org\/{rel}","templated":true}]}}