{"id":45,"date":"2015-06-22T09:08:53","date_gmt":"2015-06-22T09:08:53","guid":{"rendered":"http:\/\/sv-bad-rappenau.de\/?page_id=45"},"modified":"2024-01-28T14:00:16","modified_gmt":"2024-01-28T13:00:16","slug":"presse-berichte","status":"publish","type":"page","link":"https:\/\/sv-bad-rappenau.de\/?page_id=45","title":{"rendered":"Presse \/ Berichte"},"content":{"rendered":"<p><a href=\"https:\/\/sv-bad-rappenau.de\/wp-content\/uploads\/2024\/01\/Prese-KW-4.pdf\">KW4 2024<\/a><\/p>\n<p><a href=\"https:\/\/sv-bad-rappenau.de\/wp-content\/uploads\/2024\/01\/Koenigschiessen-2023.pdf\">K\u00f6nigschie\u00dfen 2023<\/a><\/p>\n<p><a href=\"https:\/\/sv-bad-rappenau.de\/wp-content\/uploads\/2024\/01\/Der-SV-Bad-Rappenau-stellt-den-neuen-Kreisschuetzenkoenig.pdf\">Bad Rappenau stellt den Kreissch\u00fctzenk\u00f6nig<\/a><\/p>\n<p><a href=\"https:\/\/sv-bad-rappenau.de\/wp-content\/uploads\/2023\/10\/1856376-3.jpg\">Nachruf Jutta Zimmermann<\/a><\/p>\n<p><a href=\"https:\/\/sv-bad-rappenau.de\/wp-content\/uploads\/2023\/08\/Sommerpause.pdf\">Sommerpause<\/a><\/p>\n<p><a href=\"https:\/\/sv-bad-rappenau.de\/wp-content\/uploads\/2023\/08\/Letzter-Wettkampf-der-Sportpistolenmannschaft.pdf\">Letzter Wettkampf der Sportpistolenmannschaft<\/a><\/p>\n<p><a href=\"https:\/\/sv-bad-rappenau.de\/wp-content\/uploads\/2023\/08\/Sportliches-Wochenende-beim-SV-Bad-Rappenau.pdf\">Sportliches Wochenende beim SV Bad Rappenau<\/a><\/p>\n<p><a href=\"https:\/\/sv-bad-rappenau.de\/wp-content\/uploads\/2023\/04\/generalversammlung2023.pdf\">Generalversammlung 2023<\/a><\/p>\n<p><a href=\"https:\/\/sv-bad-rappenau.de\/wp-content\/uploads\/2023\/03\/Presse-KW2.pdf\">KW2 2023<\/a><\/p>\n<p><a href=\"https:\/\/sv-bad-rappenau.de\/wp-content\/uploads\/2023\/03\/Presse-KW5.pdf\">KW5 2023<\/a><\/p>\n<p><a href=\"https:\/\/sv-bad-rappenau.de\/wp-content\/uploads\/2023\/03\/Presse-KW8.pdf\">Blasrohr schie\u00dfen<\/a><\/p>\n<p><a href=\"https:\/\/sv-bad-rappenau.de\/wp-content\/uploads\/2023\/03\/Presse-KW10.pdf\">Kreis Meisterschaften Februar 2023<\/a><\/p>\n<p><a href=\"https:\/\/sv-bad-rappenau.de\/wp-content\/uploads\/2019\/11\/Presse-K\u00f6nig-Ergebnisse2019.pdf\">K\u00f6nigschie\u00dfen 2019<\/a><\/p>\n<p><a href=\"https:\/\/sv-bad-rappenau.de\/wp-content\/uploads\/2015\/06\/Mitteilungsblatt-22.11.2017.pdf\">Mitteilungsblatt 22.11.2017<\/a><\/p>\n<p><a href=\"https:\/\/sv-bad-rappenau.de\/wp-content\/uploads\/2015\/06\/Mitteilungsblatt-05.11.2017.pdf\">Mitteilungsblatt 05.11.2017<\/a><\/p>\n<p><a href=\"https:\/\/sv-bad-rappenau.de\/wp-content\/uploads\/2015\/06\/Mitteilungsblatt-18.10.2017.pdf\">Mitteilungsblatt 18.10.2017<\/a><\/p>\n<p><a href=\"https:\/\/sv-bad-rappenau.de\/wp-content\/uploads\/2015\/06\/K\u00f6nigschie\u00dfen-2017.pdf\">K\u00f6nigschie\u00dfen 2017<\/a><\/p>\n<p><a href=\"https:\/\/sv-bad-rappenau.de\/wp-content\/uploads\/2015\/06\/Mitteilungsblatt-10.11.2016.pdf\">Mitteilungsblatt 10.11.2016<\/a><\/p>\n<p><a href=\"https:\/\/sv-bad-rappenau.de\/wp-content\/uploads\/2015\/06\/Mitteilungsblatt-03.11.2016.pdf\">Mitteilungsblatt 03.11.2016<\/a><\/p>\n<p><a href=\"https:\/\/sv-bad-rappenau.de\/wp-content\/uploads\/2015\/06\/K\u00f6nigschie\u00dfen-2016.pdf\">K\u00f6nigschie\u00dfen 2016<\/a><\/p>\n<p><a href=\"https:\/\/sv-bad-rappenau.de\/wp-content\/uploads\/2015\/06\/Bericht-Ferienprogramm-SV-2016.pdf\">Bericht Ferienprogramm SV 2016<\/a><\/p>\n<p><a href=\"https:\/\/sv-bad-rappenau.de\/wp-content\/uploads\/2015\/06\/Mitteilungsblatt-17.08.2016.pdf\">Mitteilungsblatt 17.08.2016<\/a><\/p>\n<p><a href=\"https:\/\/sv-bad-rappenau.de\/wp-content\/uploads\/2015\/06\/Mitteilungsblatt-18.05.2016.pdf\">Mitteilungsblatt 18.05.2016<\/a><\/p>\n<p><a href=\"https:\/\/sv-bad-rappenau.de\/wp-content\/uploads\/2015\/06\/Mitteilungsblatt-06.04.2016.pdf\">Mitteilungsblatt 06.04.2016<\/a><\/p>\n<p><a href=\"https:\/\/sv-bad-rappenau.de\/wp-content\/uploads\/2015\/06\/Mitteilungsblatt-27.01.2016.pdf\">Mitteilungsblatt 27.01.2016<\/a><\/p>\n<p><a href=\"https:\/\/sv-bad-rappenau.de\/wp-content\/uploads\/2015\/06\/Mitteilungsblatt-16.12.2015.pdf\">Mitteilungsblatt 16.12.2015<\/a><\/p>\n<p><a href=\"https:\/\/sv-bad-rappenau.de\/wp-content\/uploads\/2015\/06\/Mitteilungsblatt-09.12.2015.pdf\">Mitteilungsblatt 09.12.2015<\/a><\/p>\n<p><a href=\"https:\/\/sv-bad-rappenau.de\/wp-content\/uploads\/2015\/06\/Mitteilungsblatt-02.12.2015.pdf\">Mitteilungsblatt 02.12.2015<\/a><\/p>\n<p><a href=\"https:\/\/sv-bad-rappenau.de\/wp-content\/uploads\/2015\/06\/Mitteilungsblatt-18.11.2015.pdf\">Mitteilungsblatt 18.11.2015<\/a><\/p>\n<p><a href=\"https:\/\/sv-bad-rappenau.de\/wp-content\/uploads\/2015\/06\/Mitteilungsblatt-01.11.2015.pdf\">Mitteilungsblatt 01.11.2015<\/a><\/p>\n<p><a href=\"https:\/\/sv-bad-rappenau.de\/wp-content\/uploads\/2015\/06\/K\u00f6nigschie\u00dfen-20151.pdf\">K\u00f6nigschie\u00dfen 2015<\/a><\/p>\n<p><a href=\"https:\/\/sv-bad-rappenau.de\/wp-content\/uploads\/2015\/06\/Sommerferienprogramm-2015.pdf\">Sommerferienprogramm 2015<\/a><\/p>\n<p>&nbsp;<\/p>\n<p>&nbsp;<\/p>\n<p>&nbsp;<\/p>\n<p>&nbsp;<\/p>\n","protected":false},"excerpt":{"rendered":"<p>KW4 2024 K\u00f6nigschie\u00dfen 2023 Bad Rappenau stellt den Kreissch\u00fctzenk\u00f6nig Nachruf Jutta Zimmermann Sommerpause Letzter Wettkampf der Sportpistolenmannschaft Sportliches Wochenende beim SV Bad Rappenau Generalversammlung 2023 KW2 2023 KW5 2023 Blasrohr schie\u00dfen Kreis Meisterschaften Februar 2023 K\u00f6nigschie\u00dfen 2019 Mitteilungsblatt 22.11.2017 Mitteilungsblatt 05.11.2017 Mitteilungsblatt 18.10.2017 K\u00f6nigschie\u00dfen 2017 Mitteilungsblatt 10.11.2016 Mitteilungsblatt 03.11.2016 K\u00f6nigschie\u00dfen 2016 Bericht Ferienprogramm SV 2016 [&hellip;]<\/p>\n","protected":false},"author":3,"featured_media":0,"parent":38,"menu_order":0,"comment_status":"open","ping_status":"open","template":"","meta":{"ngg_post_thumbnail":0,"footnotes":""},"class_list":["post-45","page","type-page","status-publish","hentry"],"_links":{"self":[{"href":"https:\/\/sv-bad-rappenau.de\/index.php?rest_route=\/wp\/v2\/pages\/45","targetHints":{"allow":["GET"]}}],"collection":[{"href":"https:\/\/sv-bad-rappenau.de\/index.php?rest_route=\/wp\/v2\/pages"}],"about":[{"href":"https:\/\/sv-bad-rappenau.de\/index.php?rest_route=\/wp\/v2\/types\/page"}],"author":[{"embeddable":true,"href":"https:\/\/sv-bad-rappenau.de\/index.php?rest_route=\/wp\/v2\/users\/3"}],"replies":[{"embeddable":true,"href":"https:\/\/sv-bad-rappenau.de\/index.php?rest_route=%2Fwp%2Fv2%2Fcomments&post=45"}],"version-history":[{"count":22,"href":"https:\/\/sv-bad-rappenau.de\/index.php?rest_route=\/wp\/v2\/pages\/45\/revisions"}],"predecessor-version":[{"id":601,"href":"https:\/\/sv-bad-rappenau.de\/index.php?rest_route=\/wp\/v2\/pages\/45\/revisions\/601"}],"up":[{"embeddable":true,"href":"https:\/\/sv-bad-rappenau.de\/index.php?rest_route=\/wp\/v2\/pages\/38"}],"wp:attachment":[{"href":"https:\/\/sv-bad-rappenau.de\/index.php?rest_route=%2Fwp%2Fv2%2Fmedia&parent=45"}],"curies":[{"name":"wp","href":"https:\/\/api.w.org\/{rel}","templated":true}]}}