{"id":171,"date":"2015-10-04T16:14:24","date_gmt":"2015-10-04T14:14:24","guid":{"rendered":"http:\/\/sv-bad-rappenau.de\/?page_id=171"},"modified":"2023-03-02T17:12:11","modified_gmt":"2023-03-02T16:12:11","slug":"satzung","status":"publish","type":"page","link":"https:\/\/sv-bad-rappenau.de\/?page_id=171","title":{"rendered":"Satzung des Sch\u00fctzenvereins Bad Rappenau"},"content":{"rendered":"<p style=\"text-align: left;\">\u00a0\u00a0\u00a0\u00a0\u00a0\u00a0\u00a0\u00a0\u00a0\u00a0\u00a0\u00a0\u00a0\u00a0\u00a0\u00a0\u00a0\u00a0\u00a0\u00a0\u00a0\u00a0\u00a0\u00a0\u00a0 \u00a0 \u00a0 \u00a0 \u00a0 \u00a0 \u00a0 \u00a0 \u00a0 \u00a0 \u00a0 \u00a0 \u00a0\u00a0\u00a0 \u00a7 1<\/p>\n<p>Name und Sitz<\/p>\n<p>Der Verein f\u00fchrt den Namen \u201eSch\u00fctzenverein 1924 Bad Rappenau e.V.\u201c.<br \/>\nDer Verein wurde 1924 gegr\u00fcndet, 1952 neugegr\u00fcndet und hat seinen<br \/>\nSitz in Bad Rappenau.<br \/>\nDer Verein ist Mitglied im \u201eDeutschen Sch\u00fctzenbund e.V.\u201c Wiesbaden,<br \/>\nim \u201eBadischen Sportsch\u00fctzen-Verband e.V.\u201c, Leimen sowie im<br \/>\n\u201eBadischen Sportbund e.V.\u201c Karlsruhe, deren Satzungen er anerkennt.<br \/>\nDer Verein ist eingetragen in das Vereinsregister beim Amtsgericht<br \/>\nHeilbronn unter Nr. 1050.<\/p>\n<p>\u00a7 2<\/p>\n<p>Zweck des Vereins<\/p>\n<p>Der Verein verfolgt ausschlie\u00dflich und unmittelbar gemeinn\u00fctzige<br \/>\nZwecke im Sinne des Abschnitts \u201eSteuerbeg\u00fcnstigte Zwecke\u201c<br \/>\nder Abgabenordnung. Zweck des Vereins ist die F\u00f6rderung des<br \/>\nSchie\u00dfsports. Der Satzungszweck wird verwirklicht insbesondere durch<br \/>\nF\u00f6rderung sportlicher \u00dcbungen und Leistungen. Der Verein ist selbstlos<br \/>\nt\u00e4tig; er verfolgt nicht in erster Linie eigenwirtschaftliche Zwecke.<br \/>\nMittel des Vereins d\u00fcrfen nur f\u00fcr die satzungsm\u00e4\u00dfigen Zwecke verwendet<br \/>\nwerden. Die Mitglieder erhalten keine Zuwendungen aus Mitteln des Vereins.<br \/>\nEs darf keine Person durch Ausgaben, die dem Zweck der K\u00f6rperschaft fremd<br \/>\nsind, oder durch unverh\u00e4ltnism\u00e4\u00dfig hohe Verg\u00fctungen beg\u00fcnstigt werden.<br \/>\nDer Verein ist konfessionell neutral und verfolgt keine politischen Ziele.<br \/>\nT\u00e4tigkeiten in dieser Hinsicht haben den Ausschluss aus dem Verein zur Folge.<\/p>\n<p style=\"text-align: left;\">\u00a0\u00a0\u00a0\u00a0\u00a0\u00a0\u00a0\u00a0\u00a0\u00a0\u00a0\u00a0\u00a0\u00a0\u00a0\u00a0\u00a0\u00a0\u00a0\u00a0\u00a0\u00a0\u00a0\u00a0\u00a0\u00a0\u00a0\u00a0\u00a0\u00a0\u00a0\u00a0\u00a0\u00a0\u00a0\u00a0\u00a0\u00a0\u00a0\u00a0\u00a0\u00a0\u00a0\u00a0\u00a0\u00a0\u00a0\u00a0\u00a0\u00a0 \u00a7 3<br \/>\nGesch\u00e4ftsjahr<\/p>\n<p>Das Gesch\u00e4ftsjahr ist das Kalenderjahr.<\/p>\n<p style=\"text-align: left;\">\u00a0\u00a0\u00a0\u00a0\u00a0\u00a0\u00a0\u00a0\u00a0\u00a0\u00a0\u00a0\u00a0\u00a0\u00a0\u00a0\u00a0\u00a0\u00a0\u00a0\u00a0\u00a0\u00a0\u00a0\u00a0\u00a0\u00a0\u00a0\u00a0\u00a0\u00a0\u00a0\u00a0\u00a0\u00a0\u00a0\u00a0\u00a0\u00a0\u00a0\u00a0\u00a0\u00a0\u00a0\u00a0\u00a0\u00a0\u00a0\u00a0 \u00a0\u00a7 4<br \/>\nMitgliedschaft<br \/>\n1.\u00a0Der Verein hat:<br \/>\na)\u00a0Mitglieder \u00fcber 18 Jahre<br \/>\nb)\u00a0jugendliche Mitglieder unter 18 Jahre<br \/>\nc)\u00a0Ehrenmitglieder<br \/>\n2. Mitglied des Vereins kann jede nat\u00fcrliche Person werden.<br \/>\nDie Mitgliedschaft wird erworben durch schriftliche Beitrittserkl\u00e4rung<br \/>\ngegen\u00fcber der Vorstandschaft des Vereins. Bei Minderj\u00e4hrigen ist die<br \/>\nschriftliche Zustimmung des\/der Erziehungsberechtigten erforderlich.<br \/>\nEine Best\u00e4tigung der Vereinsaufnahme ist nicht erforderlich. Bei Ablehnung<br \/>\nder Aufnahme ist dies dem Antragsteller schriftlich mitzuteilen. Ein etwaiger<br \/>\nEinspruch gegen den ablehnenden Aufnahmebeschlu\u00df ist in der n\u00e4chsten<br \/>\nMitgliederversammlung zu behandeln. Diese entscheidet endg\u00fcltig.<br \/>\n3. Jedes neuaufgenommene Mitglied erh\u00e4lt einen Mitgliedsausweis,<br \/>\nausgestellt vom Badischen Sportsch\u00fctzen-Verband, sowie eine Satzung<br \/>\ndes Vereins. Das neuaufgenommene Mitglied verpflichtet sich durch seine<br \/>\nBeitrittserkl\u00e4rung, die Satzung anzuerkennen und zu achten.<br \/>\n4. Mitglieder, die sich um den Verein ganz besondere Verdienste erworben<br \/>\nhaben, k\u00f6nnen durch Vorschlag der Vorstandschaft und Abstimmung der<br \/>\nHauptversammlung zu Ehrenmitgliedern ernannt werden.<\/p>\n<p style=\"text-align: left;\">\u00a0\u00a0\u00a0\u00a0\u00a0\u00a0\u00a0\u00a0\u00a0\u00a0\u00a0\u00a0\u00a0\u00a0\u00a0\u00a0\u00a0\u00a0\u00a0\u00a0\u00a0\u00a0\u00a0\u00a0\u00a0\u00a0\u00a0\u00a0\u00a0\u00a0\u00a0\u00a0\u00a0\u00a0\u00a0\u00a0\u00a0\u00a0\u00a0\u00a0\u00a0\u00a0\u00a0\u00a0\u00a0\u00a0\u00a0\u00a0 \u00a7 5<\/p>\n<p>Rechte und Pflichten der Mitglieder<\/p>\n<p>Die Mitglieder sind berechtigt an den Veranstaltungen des Vereins<br \/>\nteilzunehmen und von den Einrichtungen des Vereins Gebrauch zu machen.<br \/>\nDie Einrichtungen des Vereins sind schonend zu behandeln.<br \/>\nF\u00fcr mutwillige Besch\u00e4digungen ist Ersatz zu leisten. Jedes Mitglied ist verpflichtet, den Verein nach besten Kr\u00e4ften zu f\u00f6rdern,<br \/>\ndie festgesetzten Beitr\u00e4ge zu leisten und die von der Vereinsleitung<br \/>\nzur Aufrechterhaltung des Schie\u00dfbetriebes erlassenen Anordnungen zu<br \/>\nbeachten.<br \/>\nMitglieder, die die Vereinsinteressen sch\u00e4digen und trotz wiederholter<br \/>\nMahnung nicht davon ablassen, k\u00f6nnen aus dem Verein ausgeschlossen<br \/>\nwerden. Das gleiche gilt, wenn die Vereinsbeitr\u00e4ge nach F\u00e4lligkeit trotz<br \/>\nAufforderung nicht innerhalb einer Frist von drei Monaten bezahlt werden.<br \/>\nEhrenmitglieder genie\u00dfen die Rechte der ordentlichen Mitglieder; sie sind<br \/>\njedoch von der Bezahlung jeglicher Vereinsbeitr\u00e4ge sowie evtl. an<br \/>\nDachverb\u00e4nde abzuf\u00fchrender Beitr\u00e4ge befreit.<br \/>\nJedes Mitglied \u00fcber 18 Jahre besitzt Stimm- und Wahlrecht. W\u00e4hlbar<br \/>\nsind nur Mitglieder \u00fcber 18 Jahre.<\/p>\n<p>\u00a7 6<br \/>\nBeendigung der Mitgliedschaft<\/p>\n<p>Die Mitgliedschaft erlischt durch den Tod oder durch schriftliche<br \/>\nAustrittserkl\u00e4rung auf den Schluss des Kalenderjahres mit einer Frist<br \/>\nvon drei Monaten. Der Beitrag ist bis zum Erl\u00f6schen der Mitgliedschaft<br \/>\nzu bezahlen.<br \/>\nEin Vereinsmitglied kann durch Beschluss des Vorstandes ausgeschlossen<br \/>\nwerden (\u00a75). Bei Stimmengleichheit entscheidet der Vorsitzende.<br \/>\nDas ausgeschlossene Mitglied ist berechtigt, in der n\u00e4chsten<br \/>\nHauptversammlung Berufung einzulegen, die durch Beschluss<br \/>\nendg\u00fcltig entscheidet.<br \/>\nAusgetretene und ausgeschlossene Mitglieder verlieren jedes Anrecht<br \/>\nan den Verein und seine Einrichtung. Sie haben den Mitgliedsausweis<br \/>\nabzugeben.<br \/>\nEin Vereinsmitglied kann durch Beschluss des Vorstandes ausgeschlossen<br \/>\nwerden (\u00a75). Bei Stimmengleichheit entscheidet der Vorsitzende.<br \/>\nDas ausgeschlossene Mitglied ist berechtigt, in der n\u00e4chsten<br \/>\nHauptversammlung, Berufung einzulegen, die durch Beschluss<br \/>\nendg\u00fcltig entscheidet.<br \/>\nAusgetretene und ausgeschlossene Mitglieder verlieren jedes Anrecht an den<br \/>\nVerein und seine Einrichtung. Sie haben den Mitgliedsausweis abzugeben.<\/p>\n<p style=\"text-align: left;\">\u00a0\u00a0\u00a0\u00a0\u00a0\u00a0\u00a0\u00a0\u00a0\u00a0\u00a0\u00a0\u00a0\u00a0\u00a0\u00a0\u00a0\u00a0\u00a0\u00a0\u00a0\u00a0\u00a0\u00a0\u00a0\u00a0\u00a0\u00a0\u00a0\u00a0\u00a0\u00a0\u00a0\u00a0\u00a0\u00a0\u00a0\u00a0\u00a0\u00a0\u00a0\u00a0\u00a0\u00a0\u00a0\u00a0\u00a0\u00a0\u00a0\u00a0\u00a0\u00a7 7<br \/>\nBeitr\u00e4ge der Mitglieder<\/p>\n<p>Jedes Mitglied bezahlt einen Jahresbeitrag, dessen H\u00f6he von der<br \/>\nHauptversammlung bestimmt wird.<br \/>\nS\u00e4mtliche Einnahmen des Vereins sind zur Erf\u00fcllung des<br \/>\nVereinszwecks (\u00a7 2) zu verwenden.<\/p>\n<p>\u00a7 8<br \/>\nLeitung und Verwaltung<\/p>\n<p>1.\u00a0\u00a0 Der Verein wird gerichtlich und au\u00dfergerichtlich durch den 1. Und<br \/>\n2. Vorsitzenden vertreten. Jeder ist alleinvertretungsberechtigt<br \/>\n(Vorstand gem. \u00a7 26 BGB). Im Innenverh\u00e4ltnis soll gelten, dass der<br \/>\n2. Vorsitzende nur bei Verhinderung des 1. Vorsitzenden t\u00e4tig werden darf.<br \/>\n2.\u00a0\u00a0 Der Vorstand besteht aus dem 1. und 2. Vorsitzenden, dem Schriftf\u00fchrer,<br \/>\ndem Schatzmeister, dem Sportleiter und dem Jugendleiter.<br \/>\n3.\u00a0\u00a0 Der erweiterte Vorstand besteht aus dem stellvertretenden Sportleiter,<br \/>\nden stellvertretenden Jugendleitern, den Schie\u00dfleitern, der<br \/>\nDamenreferentin, dem Pistolenreferent und zwei Beisitzern.<\/p>\n<p style=\"text-align: left;\">4.\u00a0\u00a0 Der Vorstand wird von der Hauptversammlung auf jeweils zwei Jahre<br \/>\ngew\u00e4hlt.<br \/>\n5.\u00a0 Dem Vorstand obliegt es, die Veranstaltungen des Vereins festzulegen<br \/>\nund vorzubereiten, Antr\u00e4ge f\u00fcr die Hauptversammlung auszuarbeiten,<br \/>\nsich der Belange, die den Bereich des Schie\u00dfens betreffen anzunehmen,<br \/>\nsowie Sonderkommissionen zur Erledigung bestimmter Angelegenheiten<br \/>\nzu bestellen. Er entscheidet in allen in den Satzungen vorgesehenen<br \/>\nF\u00e4llen. Mindestens einmal innerhalb von drei Monaten ist eine Sitzung<br \/>\neinzuberufen. Die Sitzungen werden geleitet vom 1. Vorsitzenden. \u00dcber<br \/>\ndie Sitzungen und Beschl\u00fcsse wird vom Schriftf\u00fchrer Protokoll gef\u00fchrt,<br \/>\ndas vom Sitzungsleiter gegenzuzeichnen ist. F\u00fcr die Beschlussfassung<br \/>\ngilt \u00a7 11 Abs. 3 entsprechend.<br \/>\n6.\u00a0\u00a0 F\u00e4llt ein Mitglied des Vorstandes vor einer Hauptversammlung weg,<br \/>\nsei es durch Tod, R\u00fccktritt oder dgl. so ist der Vorstand berechtigt,<br \/>\neinen Ersatzmann einzusetzen, der bis zur n\u00e4chsten Hauptversammlung<br \/>\nan die Stelle des Ausgeschiedenen tritt. F\u00e4llt der 1. Vorsitzende weg,<br \/>\ndann tritt an seine Stelle der 2. Vorsitzende. Scheidet der 2. Vorsitzende<br \/>\naus, so wird er bis zu n\u00e4chsten Hauptversammlung durch den<br \/>\nSchriftf\u00fchrer vertreten.<br \/>\n\u00a7 9<\/p>\n<p>Die Hauptversammlung w\u00e4hlt auf die Dauer von zwei Jahren zwei<br \/>\nKassenpr\u00fcfer. Sie haben vor dem Rechnungsabschluss eine ordentliche<br \/>\nKassenpr\u00fcfung vorzunehmen und dar\u00fcber in der Hauptversammlung<br \/>\nBericht zu erstatten.<\/p>\n<p>\u00a7 10<\/p>\n<p>S\u00e4mtliche Organe des Vereins \u00fcber ihre T\u00e4tigkeit ehrenamtlich aus.<\/p>\n<p style=\"text-align: left;\">\u00a0\u00a0\u00a0\u00a0\u00a0\u00a0\u00a0\u00a0\u00a0\u00a0\u00a0\u00a0\u00a0\u00a0\u00a0\u00a0\u00a0\u00a0\u00a0\u00a0\u00a0\u00a0\u00a0\u00a0\u00a0\u00a0\u00a0\u00a0\u00a0\u00a0\u00a0\u00a0\u00a0\u00a0\u00a0\u00a0\u00a0\u00a0\u00a0\u00a0\u00a0\u00a0\u00a0\u00a0\u00a0\u00a0\u00a0\u00a0\u00a0\u00a0 \u00a7 11<\/p>\n<p>Die Hauptversammlung sollte in den ersten drei Monaten des<br \/>\nKalenderjahres durchgef\u00fchrt werden. Sie wird vom 1. Vorsitzenden,<br \/>\nim Falle seiner Verhinderung vom 2. Vorsitzenden einberufen und geleitet.<br \/>\nDie Einladung muss sp\u00e4testens vier Wochen vorher schriftlich unter<br \/>\nMitteilung der einzelnen Punkte der Tagesordnung erfolgen.<\/p>\n<p>1.\u00a0\u00a0\u00a0 Die Tagesordnung soll folgende Punkte enthalten:<\/p>\n<p>a)\u00a0Bericht des Vorsitzenden und seiner Mitarbeiter \u00fcber das<br \/>\nabgelaufene Gesch\u00e4ftsjahr.<br \/>\nb)\u00a0Entlastung des Vorsitzenden und seiner Mitarbeiter.<br \/>\nc)\u00a0Wahlen des Vorstandes und der Kassenpr\u00fcfer<br \/>\nd)\u00a0Genehmigung des Haushaltsvoranschlages.<br \/>\ne)\u00a0Entscheidung \u00fcber etwa eingegangene Beschwerden.<br \/>\nf)\u00a0Beschlussfassung \u00fcber eingegangene Antr\u00e4ge.<br \/>\ng)\u00a0Satzungs\u00e4nderungen<br \/>\nh)\u00a0Verschiedenes<\/p>\n<p>2.\u00a0\u00a0 Antr\u00e4ge zur Hauptversammlung k\u00f6nnen nur ber\u00fccksichtigt werden,<br \/>\nwenn sie mindestens zwei Wochen vor der Versammlung schriftlich<br \/>\neingereicht werden. Diese Frist gilt nicht f\u00fcr Antr\u00e4ge mit<br \/>\nsatzungs\u00e4ndernden Charakter.<br \/>\n3.\u00a0\u00a0 Bei der Beschlussfassung entscheidet die Mehrheit der abgegebenen<br \/>\nStimmen, soweit nicht anders bestimmt ist. Bei Stimmengleichheit<br \/>\nentscheidet die Stimme des Vorsitzenden. Stimmberechtigt sind nur<br \/>\nanwesende Mitglieder; jedes Mitglied hat nur eine Stimme.<\/p>\n<p style=\"text-align: left;\">Der Vorsitzende kann jederzeit eine au\u00dferordentliche Hauptversammlung mit<br \/>\neiner Frist von zwei Wochen einberufen.<br \/>\nDer Vorsitzende muss eine au\u00dferordentliche Hauptversammlung einberufen,<br \/>\nwenn dies von mindestens einem F\u00fcnftel der stimmberechtigten Mitglieder<br \/>\nunter Angabe des Grundes verlangt wird.<br \/>\nDie au\u00dferordentliche Hauptversammlung hat die gleichen Befugnisse wie<br \/>\ndie ordentliche Hauptversammlung.<br \/>\nF\u00fcr die Durchf\u00fchrung gelten die gleichen Bestimmungen wie in \u00a7 11.<\/p>\n<p>\u00a7 13<\/p>\n<p>Zur Beschlussfassung \u00fcber folgende Punkte ist die Mehrheit von zwei<br \/>\nDritteln der in der Hauptversammlung erschienenen stimmberechtigten<br \/>\nMitglieder erforderlich:<br \/>\n1.\u00a0\u00a0 \u00c4nderungen der Satzung. Wird eine Satzungsbestimmung, welche eine<br \/>\nVoraussetzung der Anerkennung der Gemeinn\u00fctzigkeit ber\u00fchrt, ge\u00e4ndert,<br \/>\nneu eingef\u00fcgt oder aufgehoben, so ist das zust\u00e4ndige Finanzamt zu<br \/>\nbenachrichtigen.<br \/>\n2.\u00a0\u00a0 Ausschluss eines Mitglieds.<\/p>\n<p style=\"text-align: left;\">3.\u00a0\u00a0 Aufl\u00f6sung bzw. Verschmelzung des Vereins, wenn nicht mindestens<br \/>\n7 Mitglieder sich entschlie\u00dfen, ihn weiterzuf\u00fchren. In diesem Falle<br \/>\nkann der Verein nicht aufgel\u00f6st werden. Die Aufl\u00f6sung bzw.<br \/>\nVerschmelzung des Vereins kann nur auf einer Hauptversammlung<br \/>\nbeschlossen werden, auf deren Tagesordnung eine Beschlu\u00dffassung<br \/>\nhier\u00fcber angek\u00fcndigt\u00a0 ist.<br \/>\n4.\u00a0\u00a0 Zur \u00c4nderung des Zweckes des Vereins ist die Zustimmung aller<br \/>\nMitglieder erforderlich. Die Zustimmung der nicht erschienenen<br \/>\nMitglieder muss schriftlich erfolgen.<\/p>\n<p style=\"text-align: left;\">\u00a0\u00a0\u00a0\u00a0\u00a0\u00a0\u00a0\u00a0\u00a0\u00a0\u00a0\u00a0\u00a0\u00a0\u00a0\u00a0\u00a0\u00a0\u00a0\u00a0\u00a0\u00a0\u00a0\u00a0\u00a0\u00a0\u00a0\u00a0\u00a0\u00a0\u00a0\u00a0\u00a0\u00a0\u00a0\u00a0\u00a0\u00a0\u00a0\u00a0\u00a0\u00a0\u00a0\u00a0\u00a0\u00a0\u00a0 \u00a0\u00a0 \u00a7 14<\/p>\n<p>Bei Aufl\u00f6sung des Vereins oder bei Wegfall steuerbeg\u00fcnstigter Zwecke ist<br \/>\ndas Verm\u00f6gen zu steuerbeg\u00fcnstigen Zwecken zu verwenden. Beschl\u00fcsse<br \/>\n\u00fcber die k\u00fcnftige Verwendung des Verm\u00f6gens d\u00fcrfen erst nach<br \/>\nEinwilligung des Finanzamts ausgef\u00fchrt werden.<\/p>\n<p>Die Neufassung der Satzung tritt durch Verabschiedung in der<br \/>\nGeneralversammlung am 13.03.2004 und Eintragung im Vereinsregister<br \/>\nbeim Amtsgericht Heilbronn in Kraft.<\/p>\n","protected":false},"excerpt":{"rendered":"<p>\u00a0\u00a0\u00a0\u00a0\u00a0\u00a0\u00a0\u00a0\u00a0\u00a0\u00a0\u00a0\u00a0\u00a0\u00a0\u00a0\u00a0\u00a0\u00a0\u00a0\u00a0\u00a0\u00a0\u00a0\u00a0 \u00a0 \u00a0 \u00a0 \u00a0 \u00a0 \u00a0 \u00a0 \u00a0 \u00a0 \u00a0 \u00a0 \u00a0\u00a0\u00a0 \u00a7 1 Name und Sitz Der Verein f\u00fchrt den Namen \u201eSch\u00fctzenverein 1924 Bad Rappenau e.V.\u201c. Der Verein wurde 1924 gegr\u00fcndet, 1952 neugegr\u00fcndet und hat seinen Sitz in Bad Rappenau. Der Verein ist Mitglied im \u201eDeutschen Sch\u00fctzenbund e.V.\u201c Wiesbaden, im \u201eBadischen Sportsch\u00fctzen-Verband e.V.\u201c, [&hellip;]<\/p>\n","protected":false},"author":1,"featured_media":0,"parent":0,"menu_order":0,"comment_status":"open","ping_status":"open","template":"","meta":{"ngg_post_thumbnail":0,"footnotes":""},"class_list":["post-171","page","type-page","status-publish","hentry"],"_links":{"self":[{"href":"https:\/\/sv-bad-rappenau.de\/index.php?rest_route=\/wp\/v2\/pages\/171","targetHints":{"allow":["GET"]}}],"collection":[{"href":"https:\/\/sv-bad-rappenau.de\/index.php?rest_route=\/wp\/v2\/pages"}],"about":[{"href":"https:\/\/sv-bad-rappenau.de\/index.php?rest_route=\/wp\/v2\/types\/page"}],"author":[{"embeddable":true,"href":"https:\/\/sv-bad-rappenau.de\/index.php?rest_route=\/wp\/v2\/users\/1"}],"replies":[{"embeddable":true,"href":"https:\/\/sv-bad-rappenau.de\/index.php?rest_route=%2Fwp%2Fv2%2Fcomments&post=171"}],"version-history":[{"count":2,"href":"https:\/\/sv-bad-rappenau.de\/index.php?rest_route=\/wp\/v2\/pages\/171\/revisions"}],"predecessor-version":[{"id":174,"href":"https:\/\/sv-bad-rappenau.de\/index.php?rest_route=\/wp\/v2\/pages\/171\/revisions\/174"}],"wp:attachment":[{"href":"https:\/\/sv-bad-rappenau.de\/index.php?rest_route=%2Fwp%2Fv2%2Fmedia&parent=171"}],"curies":[{"name":"wp","href":"https:\/\/api.w.org\/{rel}","templated":true}]}}